{"id":65,"date":"2021-12-12T06:30:14","date_gmt":"2021-12-12T06:30:14","guid":{"rendered":"https:\/\/demosites.royal-elementor-addons.com\/ittech-v2\/?page_id=65"},"modified":"2025-02-02T00:00:25","modified_gmt":"2025-02-01T23:00:25","slug":"domicile","status":"publish","type":"page","link":"https:\/\/alkaleis.com\/fr","title":{"rendered":"Accueil"},"content":{"rendered":"<div data-elementor-type=\"wp-page\" data-elementor-id=\"65\" class=\"elementor elementor-65\" data-elementor-post-type=\"page\">\n\t\t\t\t<div class=\"elementor-element elementor-element-b31ef82 e-con-full e-flex wpr-parallax-no wpr-sticky-section-no wpr-equal-height-no e-con e-parent\" data-id=\"b31ef82\" data-element_type=\"container\" data-e-type=\"container\" data-settings=\"{&quot;background_background&quot;:&quot;video&quot;,&quot;background_video_link&quot;:&quot;https:\\\/\\\/alkaleis.com\\\/wp-content\\\/uploads\\\/2023\\\/10\\\/Welcome-Video-Very-Fast-1080p30.mp4&quot;,&quot;background_play_on_mobile&quot;:&quot;yes&quot;}\">\n\t\t<div class=\"elementor-background-video-container\">\n\t\t\t\t\t\t\t<video class=\"elementor-background-video-hosted\" role=\"presentation\" autoplay muted playsinline loop><\/video>\n\t\t\t\t\t<\/div><div class=\"elementor-element elementor-element-10f509a animated-fast e-con-full e-flex wpr-particle-no wpr-jarallax-no wpr-parallax-no wpr-sticky-section-no wpr-equal-height-no e-con e-child\" data-id=\"10f509a\" data-element_type=\"container\" data-e-type=\"container\" data-settings=\"{&quot;animation&quot;:&quot;none&quot;}\">\n\t\t\t\t<div class=\"elementor-element elementor-element-31a0e43 elementor-widget__width-initial animated-fast elementor-hidden-tablet elementor-hidden-mobile elementor-invisible elementor-widget elementor-widget-heading\" data-id=\"31a0e43\" data-element_type=\"widget\" data-e-type=\"widget\" data-settings=\"{&quot;_animation&quot;:&quot;flash&quot;,&quot;_animation_delay&quot;:2000}\" data-widget_type=\"heading.default\">\n\t\t\t\t<div class=\"elementor-widget-container\">\n\t\t\t\t\t<h2 class=\"elementor-heading-title elementor-size-default\">Gagnez en visibilite, developpez votre influence, augmentez vos ventes<\/h2>\t\t\t\t<\/div>\n\t\t\t\t<\/div>\n\t\t\t\t<div class=\"elementor-element elementor-element-0e3d64d elementor-widget__width-inherit elementor-hidden-desktop elementor-widget elementor-widget-text-editor\" data-id=\"0e3d64d\" data-element_type=\"widget\" data-e-type=\"widget\" data-widget_type=\"text-editor.default\">\n\t\t\t\t<div class=\"elementor-widget-container\">\n\t\t\t\t\t\t\t\t\t<p>Gagnez en visibilite,\u00a0<br \/>Developpez votre influence,\u00a0<br \/>Augmentez vos ventes<\/p>\t\t\t\t\t\t\t\t<\/div>\n\t\t\t\t<\/div>\n\t\t<!-- dce invisible element 4174ce3 -->\t\t<\/div>\n\t\t\t\t<\/div>\n\t\t<div class=\"elementor-element elementor-element-40cdb4b e-con-full e-flex wpr-sticky-section-no wpr-equal-height-no e-con e-parent\" data-id=\"40cdb4b\" data-element_type=\"container\" data-e-type=\"container\" id=\"message\" data-settings=\"{&quot;background_background&quot;:&quot;video&quot;,&quot;background_video_link&quot;:&quot;https:\\\/\\\/alkaleis.com\\\/wp-content\\\/uploads\\\/2024\\\/07\\\/Hand-Cyborg-Robot-Human-Color-Grading-Corrected-V2.1-Very-Fast-1080p30.mp4&quot;,&quot;background_play_on_mobile&quot;:&quot;yes&quot;}\">\n\t\t<div class=\"elementor-background-video-container\">\n\t\t\t\t\t\t\t<video class=\"elementor-background-video-hosted\" role=\"presentation\" autoplay muted playsinline loop><\/video>\n\t\t\t\t\t<\/div>\t\t<div class=\"elementor-element elementor-element-e27fae4 elementor-hidden-desktop elementor-hidden-tablet elementor-widget elementor-widget-spacer\" data-id=\"e27fae4\" data-element_type=\"widget\" data-e-type=\"widget\" data-widget_type=\"spacer.default\">\n\t\t\t\t<div class=\"elementor-widget-container\">\n\t\t\t\t\t\t\t<div class=\"elementor-spacer\">\n\t\t\t<div class=\"elementor-spacer-inner\"><\/div>\n\t\t<\/div>\n\t\t\t\t\t\t<\/div>\n\t\t\t\t<\/div>\n\t\t\t\t<div class=\"elementor-element elementor-element-cbee512 elementor-widget__width-initial elementor-widget elementor-widget-heading\" data-id=\"cbee512\" data-element_type=\"widget\" data-e-type=\"widget\" data-widget_type=\"heading.default\">\n\t\t\t\t<div class=\"elementor-widget-container\">\n\t\t\t\t\t<h2 class=\"elementor-heading-title elementor-size-default\">Communiquer pour convaincre<\/h2>\t\t\t\t<\/div>\n\t\t\t\t<\/div>\n\t\t\t\t<div class=\"elementor-element elementor-element-4d6cfbd elementor-widget__width-initial elementor-widget-mobile__width-initial elementor-widget elementor-widget-text-editor\" data-id=\"4d6cfbd\" data-element_type=\"widget\" data-e-type=\"widget\" data-widget_type=\"text-editor.default\">\n\t\t\t\t<div class=\"elementor-widget-container\">\n\t\t\t\t\t\t\t\t\t<p>Alkaleis est une agence de communication internationale fond\u00e9e par des ing\u00e9nieurs et des artistes qui font tout leur possible pour combiner l'innovation et l'imagination afin d'obtenir des r\u00e9sultats convaincants. Nous d\u00e9veloppons pour nos clients une image de marque premium on &amp; offline en utilisant des technologies uniques, innovantes et immersives. Nos services vous permettront d'acqu\u00e9rir une plus grande visibilit\u00e9, de d\u00e9velopper votre influence et de booster vos ventes.<\/p>\t\t\t\t\t\t\t\t<\/div>\n\t\t\t\t<\/div>\n\t\t<div class=\"elementor-element elementor-element-5d3e26c e-con-full e-flex wpr-particle-no wpr-jarallax-no wpr-parallax-no wpr-sticky-section-no wpr-equal-height-no e-con e-child\" data-id=\"5d3e26c\" data-element_type=\"container\" data-e-type=\"container\">\n\t\t<div class=\"elementor-element elementor-element-81d0428 e-con-full e-flex wpr-particle-no wpr-jarallax-no wpr-parallax-no wpr-sticky-section-no wpr-equal-height-no e-con e-child\" data-id=\"81d0428\" data-element_type=\"container\" data-e-type=\"container\">\n\t\t\t\t<div class=\"elementor-element elementor-element-b5170c2 elementor-align-center elementor-widget elementor-widget-button\" data-id=\"b5170c2\" data-element_type=\"widget\" data-e-type=\"widget\" data-widget_type=\"button.default\">\n\t\t\t\t<div class=\"elementor-widget-container\">\n\t\t\t\t\t\t\t\t\t<div class=\"elementor-button-wrapper\">\n\t\t\t\t\t<a class=\"elementor-button elementor-button-link elementor-size-lg elementor-animation-shrink\" href=\"https:\/\/alkaleis.com\/fr\/services\/\">\n\t\t\t\t\t\t<span class=\"elementor-button-content-wrapper\">\n\t\t\t\t\t\t<span class=\"elementor-button-icon\">\n\t\t\t\t<i aria-hidden=\"true\" class=\"fas fa-chevron-right\"><\/i>\t\t\t<\/span>\n\t\t\t\t\t\t\t\t\t<span class=\"elementor-button-text\">Services et technologies<\/span>\n\t\t\t\t\t<\/span>\n\t\t\t\t\t<\/a>\n\t\t\t\t<\/div>\n\t\t\t\t\t\t\t\t<\/div>\n\t\t\t\t<\/div>\n\t\t\t\t<\/div>\n\t\t<div class=\"elementor-element elementor-element-691e207 e-con-full e-flex wpr-particle-no wpr-jarallax-no wpr-parallax-no wpr-sticky-section-no wpr-equal-height-no e-con e-child\" data-id=\"691e207\" data-element_type=\"container\" data-e-type=\"container\">\n\t\t\t\t<div class=\"elementor-element elementor-element-200fb64 elementor-align-center elementor-widget elementor-widget-button\" data-id=\"200fb64\" data-element_type=\"widget\" data-e-type=\"widget\" data-widget_type=\"button.default\">\n\t\t\t\t<div class=\"elementor-widget-container\">\n\t\t\t\t\t\t\t\t\t<div class=\"elementor-button-wrapper\">\n\t\t\t\t\t<a class=\"elementor-button elementor-button-link elementor-size-lg elementor-animation-shrink\" href=\"https:\/\/alkaleis.com\/fr\/secteurs-d-activite\/\">\n\t\t\t\t\t\t<span class=\"elementor-button-content-wrapper\">\n\t\t\t\t\t\t<span class=\"elementor-button-icon\">\n\t\t\t\t<i aria-hidden=\"true\" class=\"fas fa-chevron-right\"><\/i>\t\t\t<\/span>\n\t\t\t\t\t\t\t\t\t<span class=\"elementor-button-text\">Secteurs d'activite<\/span>\n\t\t\t\t\t<\/span>\n\t\t\t\t\t<\/a>\n\t\t\t\t<\/div>\n\t\t\t\t\t\t\t\t<\/div>\n\t\t\t\t<\/div>\n\t\t\t\t<\/div>\n\t\t\t\t<\/div>\n\t\t\t\t<div class=\"elementor-element elementor-element-66ca9b2 elementor-hidden-desktop elementor-hidden-tablet elementor-widget elementor-widget-spacer\" data-id=\"66ca9b2\" data-element_type=\"widget\" data-e-type=\"widget\" data-widget_type=\"spacer.default\">\n\t\t\t\t<div class=\"elementor-widget-container\">\n\t\t\t\t\t\t\t<div class=\"elementor-spacer\">\n\t\t\t<div class=\"elementor-spacer-inner\"><\/div>\n\t\t<\/div>\n\t\t\t\t\t\t<\/div>\n\t\t\t\t<\/div>\n\t\t\t\t<\/div>\n\t\t\t\t<\/div>","protected":false},"excerpt":{"rendered":"<p>Obtenir de la visibilit\u00e9, gagner en influence, augmenter les ventes Obtenir de la visibilit\u00e9, gagner en influence, augmenter les ventes Communiquer pour convaincre Alkaleis est une agence de communication internationale fond\u00e9e par des ing\u00e9nieurs et des artistes qui font tout leur possible pour combiner l'innovation et l'imagination afin d'obtenir des r\u00e9sultats convaincants. Nous d\u00e9veloppons pour nos clients une image de marque premium on et offline en utilisant des technologies uniques, innovantes et immersives. Nos services vous permettront d'acqu\u00e9rir une plus grande visibilit\u00e9, de d\u00e9velopper votre influence et de booster vos ventes. Industries clientes des services et de la technologie<\/p>","protected":false},"author":1,"featured_media":0,"parent":0,"menu_order":0,"comment_status":"closed","ping_status":"closed","template":"elementor_canvas","meta":{"footnotes":""},"class_list":["post-65","page","type-page","status-publish","hentry"],"yoast_head":"<!-- This site is optimized with the Yoast SEO plugin v27.5 - https:\/\/yoast.com\/product\/yoast-seo-wordpress\/ -->\n<title>Alkaleis | Immersive Communication<\/title>\n<meta name=\"robots\" content=\"index, follow, max-snippet:-1, max-image-preview:large, max-video-preview:-1\" \/>\n<link rel=\"canonical\" href=\"https:\/\/alkaleis.com\/fr\" \/>\n<meta property=\"og:locale\" content=\"fr_FR\" \/>\n<meta property=\"og:type\" content=\"article\" \/>\n<meta property=\"og:title\" content=\"Alkaleis | Immersive Communication\" \/>\n<meta property=\"og:description\" content=\"Get visibility, gain influence, grow sales Get visibility,\u00a0Gain influence,\u00a0Grow sales Communicate to convince Alkaleis is an international communication agency founded by engineers and artists who do their utmost to combine innovation and imagination to achieve compelling results. We develop a premium brand image on- &amp; offline for our customers using unique, innovative and immersive technologies. Our services will enable you to acquire greater visibility, develop your influence &amp; boost your sales. Services &#038; Technology Customer Industries\" \/>\n<meta property=\"og:url\" content=\"https:\/\/alkaleis.com\/fr\" \/>\n<meta property=\"og:site_name\" content=\"Alkaleis\" \/>\n<meta property=\"article:modified_time\" content=\"2025-02-01T23:00:25+00:00\" \/>\n<meta name=\"twitter:card\" content=\"summary_large_image\" \/>\n<meta name=\"twitter:label1\" content=\"Dur\u00e9e de lecture estim\u00e9e\" \/>\n\t<meta name=\"twitter:data1\" content=\"1 minute\" \/>\n<script type=\"application\/ld+json\" class=\"yoast-schema-graph\">{\"@context\":\"https:\\\/\\\/schema.org\",\"@graph\":[{\"@type\":\"WebPage\",\"@id\":\"https:\\\/\\\/alkaleis.com\\\/\",\"url\":\"https:\\\/\\\/alkaleis.com\\\/\",\"name\":\"Alkaleis | Immersive Communication\",\"isPartOf\":{\"@id\":\"https:\\\/\\\/alkaleis.com\\\/#website\"},\"datePublished\":\"2021-12-12T06:30:14+00:00\",\"dateModified\":\"2025-02-01T23:00:25+00:00\",\"breadcrumb\":{\"@id\":\"https:\\\/\\\/alkaleis.com\\\/#breadcrumb\"},\"inLanguage\":\"fr-FR\",\"potentialAction\":[{\"@type\":\"ReadAction\",\"target\":[\"https:\\\/\\\/alkaleis.com\\\/\"]}]},{\"@type\":\"BreadcrumbList\",\"@id\":\"https:\\\/\\\/alkaleis.com\\\/#breadcrumb\",\"itemListElement\":[{\"@type\":\"ListItem\",\"position\":1,\"name\":\"Accueil\",\"item\":\"https:\\\/\\\/alkaleis.com\\\/\"},{\"@type\":\"ListItem\",\"position\":2,\"name\":\"Home\"}]},{\"@type\":\"WebSite\",\"@id\":\"https:\\\/\\\/alkaleis.com\\\/#website\",\"url\":\"https:\\\/\\\/alkaleis.com\\\/\",\"name\":\"Alkaleis\",\"description\":\"Immersive Communication\",\"publisher\":{\"@id\":\"https:\\\/\\\/alkaleis.com\\\/#organization\"},\"potentialAction\":[{\"@type\":\"SearchAction\",\"target\":{\"@type\":\"EntryPoint\",\"urlTemplate\":\"https:\\\/\\\/alkaleis.com\\\/?s={search_term_string}\"},\"query-input\":{\"@type\":\"PropertyValueSpecification\",\"valueRequired\":true,\"valueName\":\"search_term_string\"}}],\"inLanguage\":\"fr-FR\"},{\"@type\":\"Organization\",\"@id\":\"https:\\\/\\\/alkaleis.com\\\/#organization\",\"name\":\"Alkaleis\",\"url\":\"https:\\\/\\\/alkaleis.com\\\/\",\"logo\":{\"@type\":\"ImageObject\",\"inLanguage\":\"fr-FR\",\"@id\":\"https:\\\/\\\/alkaleis.com\\\/#\\\/schema\\\/logo\\\/image\\\/\",\"url\":\"https:\\\/\\\/alkaleis.com\\\/wp-content\\\/uploads\\\/2021\\\/12\\\/alkaleis_logo_blanc_dessous.png\",\"contentUrl\":\"https:\\\/\\\/alkaleis.com\\\/wp-content\\\/uploads\\\/2021\\\/12\\\/alkaleis_logo_blanc_dessous.png\",\"width\":1512,\"height\":714,\"caption\":\"Alkaleis\"},\"image\":{\"@id\":\"https:\\\/\\\/alkaleis.com\\\/#\\\/schema\\\/logo\\\/image\\\/\"}}]}<\/script>\n<!-- \/ Yoast SEO plugin. -->","yoast_head_json":{"title":"Alkaleis | Communication immersive","robots":{"index":"index","follow":"follow","max-snippet":"max-snippet:-1","max-image-preview":"max-image-preview:large","max-video-preview":"max-video-preview:-1"},"canonical":"https:\/\/alkaleis.com\/fr","og_locale":"fr_FR","og_type":"article","og_title":"Alkaleis | Immersive Communication","og_description":"Get visibility, gain influence, grow sales Get visibility,\u00a0Gain influence,\u00a0Grow sales Communicate to convince Alkaleis is an international communication agency founded by engineers and artists who do their utmost to combine innovation and imagination to achieve compelling results. We develop a premium brand image on- &amp; offline for our customers using unique, innovative and immersive technologies. Our services will enable you to acquire greater visibility, develop your influence &amp; boost your sales. Services &#038; Technology Customer Industries","og_url":"https:\/\/alkaleis.com\/fr","og_site_name":"Alkaleis","article_modified_time":"2025-02-01T23:00:25+00:00","twitter_card":"summary_large_image","twitter_misc":{"Dur\u00e9e de lecture estim\u00e9e":"1 minute"},"schema":{"@context":"https:\/\/schema.org","@graph":[{"@type":"WebPage","@id":"https:\/\/alkaleis.com\/","url":"https:\/\/alkaleis.com\/","name":"Alkaleis | Communication immersive","isPartOf":{"@id":"https:\/\/alkaleis.com\/#website"},"datePublished":"2021-12-12T06:30:14+00:00","dateModified":"2025-02-01T23:00:25+00:00","breadcrumb":{"@id":"https:\/\/alkaleis.com\/#breadcrumb"},"inLanguage":"fr-FR","potentialAction":[{"@type":"ReadAction","target":["https:\/\/alkaleis.com\/"]}]},{"@type":"BreadcrumbList","@id":"https:\/\/alkaleis.com\/#breadcrumb","itemListElement":[{"@type":"ListItem","position":1,"name":"Accueil","item":"https:\/\/alkaleis.com\/"},{"@type":"ListItem","position":2,"name":"Home"}]},{"@type":"WebSite","@id":"https:\/\/alkaleis.com\/#website","url":"https:\/\/alkaleis.com\/","name":"Alkaleis","description":"Communication Immersive","publisher":{"@id":"https:\/\/alkaleis.com\/#organization"},"potentialAction":[{"@type":"SearchAction","target":{"@type":"EntryPoint","urlTemplate":"https:\/\/alkaleis.com\/?s={search_term_string}"},"query-input":{"@type":"PropertyValueSpecification","valueRequired":true,"valueName":"search_term_string"}}],"inLanguage":"fr-FR"},{"@type":"Organization","@id":"https:\/\/alkaleis.com\/#organization","name":"Alkaleis","url":"https:\/\/alkaleis.com\/","logo":{"@type":"ImageObject","inLanguage":"fr-FR","@id":"https:\/\/alkaleis.com\/#\/schema\/logo\/image\/","url":"https:\/\/alkaleis.com\/wp-content\/uploads\/2021\/12\/alkaleis_logo_blanc_dessous.png","contentUrl":"https:\/\/alkaleis.com\/wp-content\/uploads\/2021\/12\/alkaleis_logo_blanc_dessous.png","width":1512,"height":714,"caption":"Alkaleis"},"image":{"@id":"https:\/\/alkaleis.com\/#\/schema\/logo\/image\/"}}]}},"acf":[],"jetpack_sharing_enabled":true,"_links":{"self":[{"href":"https:\/\/alkaleis.com\/fr\/wp-json\/wp\/v2\/pages\/65","targetHints":{"allow":["GET"]}}],"collection":[{"href":"https:\/\/alkaleis.com\/fr\/wp-json\/wp\/v2\/pages"}],"about":[{"href":"https:\/\/alkaleis.com\/fr\/wp-json\/wp\/v2\/types\/page"}],"author":[{"embeddable":true,"href":"https:\/\/alkaleis.com\/fr\/wp-json\/wp\/v2\/users\/1"}],"replies":[{"embeddable":true,"href":"https:\/\/alkaleis.com\/fr\/wp-json\/wp\/v2\/comments?post=65"}],"version-history":[{"count":63,"href":"https:\/\/alkaleis.com\/fr\/wp-json\/wp\/v2\/pages\/65\/revisions"}],"predecessor-version":[{"id":4995,"href":"https:\/\/alkaleis.com\/fr\/wp-json\/wp\/v2\/pages\/65\/revisions\/4995"}],"wp:attachment":[{"href":"https:\/\/alkaleis.com\/fr\/wp-json\/wp\/v2\/media?parent=65"}],"curies":[{"name":"wp","href":"https:\/\/api.w.org\/{rel}","templated":true}]}}