{"id":3678,"date":"2023-11-11T00:49:03","date_gmt":"2023-11-10T23:49:03","guid":{"rendered":"https:\/\/alkaleis.com\/?page_id=3678"},"modified":"2024-05-22T19:17:46","modified_gmt":"2024-05-22T17:17:46","slug":"services","status":"publish","type":"page","link":"https:\/\/alkaleis.com\/fr\/services\/","title":{"rendered":"Services"},"content":{"rendered":"<div data-elementor-type=\"wp-page\" data-elementor-id=\"3678\" class=\"elementor elementor-3678\" data-elementor-post-type=\"page\">\n\t\t\t\t<div data-wpr-particles=\"{&quot;particles&quot;:{&quot;number&quot;:{&quot;value&quot;:80,&quot;density&quot;:{&quot;enable&quot;:true,&quot;value_area&quot;:800}},&quot;color&quot;:{&quot;value&quot;:&quot;#000000&quot;},&quot;shape&quot;:{&quot;type&quot;:&quot;circle&quot;,&quot;stroke&quot;:{&quot;width&quot;:0,&quot;color&quot;:&quot;#000000&quot;},&quot;polygon&quot;:{&quot;nb_sides&quot;:5},&quot;image&quot;:{&quot;src&quot;:&quot;img\/github.svg&quot;,&quot;width&quot;:100,&quot;height&quot;:100}},&quot;opacity&quot;:{&quot;value&quot;:0.5,&quot;random&quot;:false,&quot;anim&quot;:{&quot;enable&quot;:false,&quot;speed&quot;:1,&quot;opacity_min&quot;:0.1,&quot;sync&quot;:false}},&quot;size&quot;:{&quot;value&quot;:3,&quot;random&quot;:true,&quot;anim&quot;:{&quot;enable&quot;:false,&quot;speed&quot;:40,&quot;size_min&quot;:0.1,&quot;sync&quot;:false}},&quot;line_linked&quot;:{&quot;enable&quot;:true,&quot;distance&quot;:150,&quot;color&quot;:&quot;#000000&quot;,&quot;opacity&quot;:0.4,&quot;width&quot;:1},&quot;move&quot;:{&quot;enable&quot;:true,&quot;speed&quot;:6,&quot;direction&quot;:&quot;none&quot;,&quot;random&quot;:false,&quot;straight&quot;:false,&quot;out_mode&quot;:&quot;out&quot;,&quot;bounce&quot;:false,&quot;attract&quot;:{&quot;enable&quot;:false,&quot;rotateX&quot;:600,&quot;rotateY&quot;:1200}}},&quot;interactivity&quot;:{&quot;detect_on&quot;:&quot;window&quot;,&quot;events&quot;:{&quot;onhover&quot;:{&quot;enable&quot;:true,&quot;mode&quot;:&quot;repulse&quot;},&quot;onclick&quot;:{&quot;enable&quot;:true,&quot;mode&quot;:&quot;push&quot;},&quot;resize&quot;:true},&quot;modes&quot;:{&quot;grab&quot;:{&quot;distance&quot;:400,&quot;line_linked&quot;:{&quot;opacity&quot;:1}},&quot;bubble&quot;:{&quot;distance&quot;:400,&quot;size&quot;:40,&quot;duration&quot;:2,&quot;opacity&quot;:8,&quot;speed&quot;:3},&quot;repulse&quot;:{&quot;distance&quot;:200,&quot;duration&quot;:0.4},&quot;push&quot;:{&quot;particles_nb&quot;:4},&quot;remove&quot;:{&quot;particles_nb&quot;:2}}},&quot;retina_detect&quot;:true}\" particle-source=\"wpr_particle_json\" wpr-quantity=\"80\" wpr-color=\"#FFFFFF\" wpr-speed=\"2\" wpr-shape=\"circle\" wpr-size=\"0\" class=\"wpr-jarallax elementor-element elementor-element-be6a435 e-con-full wpr-particle-yes wpr-jarallax-yes e-flex wpr-parallax-no wpr-sticky-section-no wpr-equal-height-no e-con e-parent\" speed-data=\"1.4\" bg-image=\"https:\/\/alkaleis.com\/wp-content\/plugins\/elementor\/assets\/images\/placeholder.png\" bg-image-mobile=\"\" scroll-effect=\"scroll\" data-id=\"be6a435\" data-element_type=\"container\" data-e-type=\"container\" data-settings=\"{&quot;background_background&quot;:&quot;classic&quot;}\">\n\t\t<div class=\"elementor-element elementor-element-f286345 e-flex e-con-boxed wpr-particle-no wpr-jarallax-no wpr-parallax-no wpr-sticky-section-no wpr-equal-height-no e-con e-child\" data-id=\"f286345\" data-element_type=\"container\" data-e-type=\"container\">\n\t\t\t\t\t<div class=\"e-con-inner\">\n\t\t\t\t<div class=\"elementor-element elementor-element-a9b0011 elementor-widget elementor-widget-heading\" data-id=\"a9b0011\" data-element_type=\"widget\" data-e-type=\"widget\" data-widget_type=\"heading.default\">\n\t\t\t\t<div class=\"elementor-widget-container\">\n\t\t\t\t\t<h2 class=\"elementor-heading-title elementor-size-default\">Services et technologies<\/h2>\t\t\t\t<\/div>\n\t\t\t\t<\/div>\n\t\t<!-- dce invisible element 9b05d58 -->\t\t\t<\/div>\n\t\t\t\t<\/div>\n\t\t\t\t<\/div>\n\t\t<div class=\"elementor-element elementor-element-4a8dc64 e-con-full e-flex wpr-sticky-section-no wpr-equal-height-no e-con e-parent\" data-id=\"4a8dc64\" data-element_type=\"container\" data-e-type=\"container\" id=\"services\" data-settings=\"{&quot;background_background&quot;:&quot;video&quot;,&quot;background_video_link&quot;:&quot;https:\\\/\\\/alkaleis.com\\\/wp-content\\\/uploads\\\/2023\\\/10\\\/Services-Very-Fast-1080p30.mp4&quot;,&quot;background_play_on_mobile&quot;:&quot;yes&quot;}\">\n\t\t<div class=\"elementor-background-video-container\">\n\t\t\t\t\t\t\t<video class=\"elementor-background-video-hosted\" role=\"presentation\" autoplay muted playsinline loop><\/video>\n\t\t\t\t\t<\/div>\t\t<div class=\"elementor-element elementor-element-6a2dfc6 elementor-hidden-desktop elementor-hidden-tablet elementor-widget elementor-widget-spacer\" data-id=\"6a2dfc6\" data-element_type=\"widget\" data-e-type=\"widget\" data-widget_type=\"spacer.default\">\n\t\t\t\t<div class=\"elementor-widget-container\">\n\t\t\t\t\t\t\t<div class=\"elementor-spacer\">\n\t\t\t<div class=\"elementor-spacer-inner\"><\/div>\n\t\t<\/div>\n\t\t\t\t\t\t<\/div>\n\t\t\t\t<\/div>\n\t\t\t\t<div class=\"elementor-element elementor-element-2419fcb elementor-widget__width-initial elementor-widget elementor-widget-heading\" data-id=\"2419fcb\" data-element_type=\"widget\" data-e-type=\"widget\" data-widget_type=\"heading.default\">\n\t\t\t\t<div class=\"elementor-widget-container\">\n\t\t\t\t\t<h2 class=\"elementor-heading-title elementor-size-default\">Services et technologies<\/h2>\t\t\t\t<\/div>\n\t\t\t\t<\/div>\n\t\t\t\t<div class=\"elementor-element elementor-element-04ed62d elementor-widget__width-initial elementor-widget elementor-widget-text-editor\" data-id=\"04ed62d\" data-element_type=\"widget\" data-e-type=\"widget\" data-widget_type=\"text-editor.default\">\n\t\t\t\t<div class=\"elementor-widget-container\">\n\t\t\t\t\t\t\t\t\t<p>Faites l'exp\u00e9rience de l'excellence en mati\u00e8re de communication avec Alkaleis, une agence internationale sp\u00e9cialis\u00e9e dans le secteur industriel. Nous excellons dans l'\u00e9laboration de strat\u00e9gies de communication globales, compl\u00e8tes et personnalis\u00e9es, en utilisant des technologies de pointe et immersives.<\/p>\t\t\t\t\t\t\t\t<\/div>\n\t\t\t\t<\/div>\n\t\t\t\t<div class=\"elementor-element elementor-element-280ad50 elementor-align-start elementor-widget-tablet__width-initial elementor-widget__width-auto elementor-icon-list--layout-traditional elementor-list-item-link-full_width elementor-widget elementor-widget-icon-list\" data-id=\"280ad50\" data-element_type=\"widget\" data-e-type=\"widget\" data-widget_type=\"icon-list.default\">\n\t\t\t\t<div class=\"elementor-widget-container\">\n\t\t\t\t\t\t\t<ul class=\"elementor-icon-list-items\">\n\t\t\t\t\t\t\t<li class=\"elementor-icon-list-item\">\n\t\t\t\t\t\t\t\t\t\t\t<span class=\"elementor-icon-list-icon\">\n\t\t\t\t\t\t\t<i aria-hidden=\"true\" class=\"fas fa-laptop-code\"><\/i>\t\t\t\t\t\t<\/span>\n\t\t\t\t\t\t\t\t\t\t<span class=\"elementor-icon-list-text\">D\u00e9veloppement de sites web : Sites web haut de gamme avec services complets (SEO, SEA, cybers\u00e9curit\u00e9, etc.)<\/span>\n\t\t\t\t\t\t\t\t\t<\/li>\n\t\t\t\t\t\t\t\t<li class=\"elementor-icon-list-item\">\n\t\t\t\t\t\t\t\t\t\t\t<span class=\"elementor-icon-list-icon\">\n\t\t\t\t\t\t\t<i aria-hidden=\"true\" class=\"fas fa-mobile-alt\"><\/i>\t\t\t\t\t\t<\/span>\n\t\t\t\t\t\t\t\t\t\t<span class=\"elementor-icon-list-text\">Gestion des r\u00e9seaux sociaux : Cr\u00e9ation de contenu et gestion de la communaut\u00e9<\/span>\n\t\t\t\t\t\t\t\t\t<\/li>\n\t\t\t\t\t\t\t\t<li class=\"elementor-icon-list-item\">\n\t\t\t\t\t\t\t\t\t\t\t<span class=\"elementor-icon-list-icon\">\n\t\t\t\t\t\t\t<i aria-hidden=\"true\" class=\"fas fa-film\"><\/i>\t\t\t\t\t\t<\/span>\n\t\t\t\t\t\t\t\t\t\t<span class=\"elementor-icon-list-text\">Production audiovisuelle : Production bas\u00e9e sur l'IA, prise de vue, prise de vue par drone, prise de vue en studio, montage.<\/span>\n\t\t\t\t\t\t\t\t\t<\/li>\n\t\t\t\t\t\t\t\t<li class=\"elementor-icon-list-item\">\n\t\t\t\t\t\t\t\t\t\t\t<span class=\"elementor-icon-list-icon\">\n\t\t\t\t\t\t\t<i aria-hidden=\"true\" class=\"fas fa-vr-cardboard\"><\/i>\t\t\t\t\t\t<\/span>\n\t\t\t\t\t\t\t\t\t\t<span class=\"elementor-icon-list-text\">D\u00e9veloppement d'exp\u00e9riences 3D : Rendu r\u00e9aliste en 3D, r\u00e9alit\u00e9 virtuelle et augment\u00e9e<\/span>\n\t\t\t\t\t\t\t\t\t<\/li>\n\t\t\t\t\t\t\t\t<li class=\"elementor-icon-list-item\">\n\t\t\t\t\t\t\t\t\t\t\t<span class=\"elementor-icon-list-icon\">\n\t\t\t\t\t\t\t<i aria-hidden=\"true\" class=\"far fa-newspaper\"><\/i>\t\t\t\t\t\t<\/span>\n\t\t\t\t\t\t\t\t\t\t<span class=\"elementor-icon-list-text\">Gestion des relations publiques : Articles de presse, apparitions \u00e0 la t\u00e9l\u00e9vision<\/span>\n\t\t\t\t\t\t\t\t\t<\/li>\n\t\t\t\t\t\t\t\t<li class=\"elementor-icon-list-item\">\n\t\t\t\t\t\t\t\t\t\t\t<span class=\"elementor-icon-list-icon\">\n\t\t\t\t\t\t\t<i aria-hidden=\"true\" class=\"fas fa-users\"><\/i>\t\t\t\t\t\t<\/span>\n\t\t\t\t\t\t\t\t\t\t<span class=\"elementor-icon-list-text\">Organisation d'\u00e9v\u00e9nements : Organisation d'\u00e9v\u00e9nements sur mesure, organisation de salons professionnels<\/span>\n\t\t\t\t\t\t\t\t\t<\/li>\n\t\t\t\t\t\t\t\t<li class=\"elementor-icon-list-item\">\n\t\t\t\t\t\t\t\t\t\t\t<span class=\"elementor-icon-list-icon\">\n\t\t\t\t\t\t\t<i aria-hidden=\"true\" class=\"fab fa-adversal\"><\/i>\t\t\t\t\t\t<\/span>\n\t\t\t\t\t\t\t\t\t\t<span class=\"elementor-icon-list-text\">Publicit\u00e9 num\u00e9rique et physique : Publicit\u00e9 cibl\u00e9e en ligne et hors ligne<\/span>\n\t\t\t\t\t\t\t\t\t<\/li>\n\t\t\t\t\t\t<\/ul>\n\t\t\t\t\t\t<\/div>\n\t\t\t\t<\/div>\n\t\t\t\t<div class=\"elementor-element elementor-element-5ddae52 elementor-align-center elementor-widget elementor-widget-button\" data-id=\"5ddae52\" data-element_type=\"widget\" data-e-type=\"widget\" data-widget_type=\"button.default\">\n\t\t\t\t<div class=\"elementor-widget-container\">\n\t\t\t\t\t\t\t\t\t<div class=\"elementor-button-wrapper\">\n\t\t\t\t\t<a class=\"elementor-button elementor-button-link elementor-size-lg elementor-animation-shrink\" href=\"https:\/\/alkaleis.com\/fr\/contact\/\">\n\t\t\t\t\t\t<span class=\"elementor-button-content-wrapper\">\n\t\t\t\t\t\t<span class=\"elementor-button-icon\">\n\t\t\t\t<i aria-hidden=\"true\" class=\"fas fa-chevron-right\"><\/i>\t\t\t<\/span>\n\t\t\t\t\t\t\t\t\t<span class=\"elementor-button-text\">Contact<\/span>\n\t\t\t\t\t<\/span>\n\t\t\t\t\t<\/a>\n\t\t\t\t<\/div>\n\t\t\t\t\t\t\t\t<\/div>\n\t\t\t\t<\/div>\n\t\t\t\t<div class=\"elementor-element elementor-element-6b43421 elementor-hidden-desktop elementor-hidden-tablet elementor-widget elementor-widget-spacer\" data-id=\"6b43421\" data-element_type=\"widget\" data-e-type=\"widget\" id=\"industriesmobile\" data-widget_type=\"spacer.default\">\n\t\t\t\t<div class=\"elementor-widget-container\">\n\t\t\t\t\t\t\t<div class=\"elementor-spacer\">\n\t\t\t<div class=\"elementor-spacer-inner\"><\/div>\n\t\t<\/div>\n\t\t\t\t\t\t<\/div>\n\t\t\t\t<\/div>\n\t\t\t\t<\/div>\n\t\t\t\t<\/div>","protected":false},"excerpt":{"rendered":"<p>Services et technologie Services et technologie Faites l'exp\u00e9rience de l'excellence en mati\u00e8re de communication avec Alkaleis, une agence internationale sp\u00e9cialis\u00e9e dans le secteur industriel. Nous excellons dans l'\u00e9laboration de strat\u00e9gies de communication globales, compl\u00e8tes et personnalis\u00e9es, en utilisant des technologies de pointe et immersives. D\u00e9veloppement de sites web : Sites premium avec services complets (SEO, SEA, cybers\u00e9curit\u00e9, etc.) Gestion des r\u00e9seaux sociaux : Cr\u00e9ation de contenu et gestion de communaut\u00e9 Production audiovisuelle : Production bas\u00e9e sur l'IA, tournage, tournage par drone, tournage en studio, montage D\u00e9veloppement d'exp\u00e9riences 3D : Rendu r\u00e9aliste en 3D, r\u00e9alit\u00e9 virtuelle et augment\u00e9e Gestion des relations publiques : Articles de presse, apparitions t\u00e9l\u00e9vis\u00e9es Organisation d'\u00e9v\u00e9nements : Organisation d'\u00e9v\u00e9nements sur mesure, organisation de salons professionnels Publicit\u00e9 num\u00e9rique et physique : Publicit\u00e9 cibl\u00e9e en ligne et hors ligne Contactez-nous<\/p>","protected":false},"author":1,"featured_media":0,"parent":0,"menu_order":0,"comment_status":"closed","ping_status":"closed","template":"elementor_canvas","meta":{"footnotes":""},"class_list":["post-3678","page","type-page","status-publish","hentry"],"yoast_head":"<!-- This site is optimized with the Yoast SEO plugin v27.5 - https:\/\/yoast.com\/product\/yoast-seo-wordpress\/ -->\n<title>Services | Alkaleis<\/title>\n<meta name=\"robots\" content=\"index, follow, max-snippet:-1, max-image-preview:large, max-video-preview:-1\" \/>\n<link rel=\"canonical\" href=\"https:\/\/alkaleis.com\/fr\/services\/\" \/>\n<meta property=\"og:locale\" content=\"fr_FR\" \/>\n<meta property=\"og:type\" content=\"article\" \/>\n<meta property=\"og:title\" content=\"Services | Alkaleis\" \/>\n<meta property=\"og:description\" content=\"Services &#038; Technology Services &#038; Technology Experience communication excellence with Alkaleis, an international agency specializing in the industrial sector. We excel in tailoring global comprehensive and personalized communication strategies, utilizing cutting-edge and immersive technologies. Website Development: Premium websites with comprehensive services (SEO, SEA, cybersecurity, etc.) Social Networks Management: Content creation and community management Audiovisual Production: AI-based production, shooting, drone shooting, studio shooting, editing 3D Experiences Development: Realistic 3D rendering, virtual &#038; augmented reality Public Relations Management: Press articles, TV appearances Events Organization: Tailor-made event organization, trade show organization Digital and Physical Advertising: Targeted advertising both online and offline Contact Us\" \/>\n<meta property=\"og:url\" content=\"https:\/\/alkaleis.com\/fr\/services\/\" \/>\n<meta property=\"og:site_name\" content=\"Alkaleis\" \/>\n<meta property=\"article:modified_time\" content=\"2024-05-22T17:17:46+00:00\" \/>\n<meta name=\"twitter:card\" content=\"summary_large_image\" \/>\n<script type=\"application\/ld+json\" class=\"yoast-schema-graph\">{\"@context\":\"https:\\\/\\\/schema.org\",\"@graph\":[{\"@type\":\"WebPage\",\"@id\":\"https:\\\/\\\/alkaleis.com\\\/services\\\/\",\"url\":\"https:\\\/\\\/alkaleis.com\\\/services\\\/\",\"name\":\"Services | Alkaleis\",\"isPartOf\":{\"@id\":\"https:\\\/\\\/alkaleis.com\\\/#website\"},\"datePublished\":\"2023-11-10T23:49:03+00:00\",\"dateModified\":\"2024-05-22T17:17:46+00:00\",\"breadcrumb\":{\"@id\":\"https:\\\/\\\/alkaleis.com\\\/services\\\/#breadcrumb\"},\"inLanguage\":\"fr-FR\",\"potentialAction\":[{\"@type\":\"ReadAction\",\"target\":[\"https:\\\/\\\/alkaleis.com\\\/services\\\/\"]}]},{\"@type\":\"BreadcrumbList\",\"@id\":\"https:\\\/\\\/alkaleis.com\\\/services\\\/#breadcrumb\",\"itemListElement\":[{\"@type\":\"ListItem\",\"position\":1,\"name\":\"Accueil\",\"item\":\"https:\\\/\\\/alkaleis.com\\\/\"},{\"@type\":\"ListItem\",\"position\":2,\"name\":\"Services\"}]},{\"@type\":\"WebSite\",\"@id\":\"https:\\\/\\\/alkaleis.com\\\/#website\",\"url\":\"https:\\\/\\\/alkaleis.com\\\/\",\"name\":\"Alkaleis\",\"description\":\"Immersive Communication\",\"publisher\":{\"@id\":\"https:\\\/\\\/alkaleis.com\\\/#organization\"},\"potentialAction\":[{\"@type\":\"SearchAction\",\"target\":{\"@type\":\"EntryPoint\",\"urlTemplate\":\"https:\\\/\\\/alkaleis.com\\\/?s={search_term_string}\"},\"query-input\":{\"@type\":\"PropertyValueSpecification\",\"valueRequired\":true,\"valueName\":\"search_term_string\"}}],\"inLanguage\":\"fr-FR\"},{\"@type\":\"Organization\",\"@id\":\"https:\\\/\\\/alkaleis.com\\\/#organization\",\"name\":\"Alkaleis\",\"url\":\"https:\\\/\\\/alkaleis.com\\\/\",\"logo\":{\"@type\":\"ImageObject\",\"inLanguage\":\"fr-FR\",\"@id\":\"https:\\\/\\\/alkaleis.com\\\/#\\\/schema\\\/logo\\\/image\\\/\",\"url\":\"https:\\\/\\\/alkaleis.com\\\/wp-content\\\/uploads\\\/2021\\\/12\\\/alkaleis_logo_blanc_dessous.png\",\"contentUrl\":\"https:\\\/\\\/alkaleis.com\\\/wp-content\\\/uploads\\\/2021\\\/12\\\/alkaleis_logo_blanc_dessous.png\",\"width\":1512,\"height\":714,\"caption\":\"Alkaleis\"},\"image\":{\"@id\":\"https:\\\/\\\/alkaleis.com\\\/#\\\/schema\\\/logo\\\/image\\\/\"}}]}<\/script>\n<!-- \/ Yoast SEO plugin. -->","yoast_head_json":{"title":"Services de l'Alkaleis","robots":{"index":"index","follow":"follow","max-snippet":"max-snippet:-1","max-image-preview":"max-image-preview:large","max-video-preview":"max-video-preview:-1"},"canonical":"https:\/\/alkaleis.com\/fr\/services\/","og_locale":"fr_FR","og_type":"article","og_title":"Services | Alkaleis","og_description":"Services &#038; Technology Services &#038; Technology Experience communication excellence with Alkaleis, an international agency specializing in the industrial sector. We excel in tailoring global comprehensive and personalized communication strategies, utilizing cutting-edge and immersive technologies. Website Development: Premium websites with comprehensive services (SEO, SEA, cybersecurity, etc.) Social Networks Management: Content creation and community management Audiovisual Production: AI-based production, shooting, drone shooting, studio shooting, editing 3D Experiences Development: Realistic 3D rendering, virtual &#038; augmented reality Public Relations Management: Press articles, TV appearances Events Organization: Tailor-made event organization, trade show organization Digital and Physical Advertising: Targeted advertising both online and offline Contact Us","og_url":"https:\/\/alkaleis.com\/fr\/services\/","og_site_name":"Alkaleis","article_modified_time":"2024-05-22T17:17:46+00:00","twitter_card":"summary_large_image","schema":{"@context":"https:\/\/schema.org","@graph":[{"@type":"WebPage","@id":"https:\/\/alkaleis.com\/services\/","url":"https:\/\/alkaleis.com\/services\/","name":"Services de l'Alkaleis","isPartOf":{"@id":"https:\/\/alkaleis.com\/#website"},"datePublished":"2023-11-10T23:49:03+00:00","dateModified":"2024-05-22T17:17:46+00:00","breadcrumb":{"@id":"https:\/\/alkaleis.com\/services\/#breadcrumb"},"inLanguage":"fr-FR","potentialAction":[{"@type":"ReadAction","target":["https:\/\/alkaleis.com\/services\/"]}]},{"@type":"BreadcrumbList","@id":"https:\/\/alkaleis.com\/services\/#breadcrumb","itemListElement":[{"@type":"ListItem","position":1,"name":"Accueil","item":"https:\/\/alkaleis.com\/"},{"@type":"ListItem","position":2,"name":"Services"}]},{"@type":"WebSite","@id":"https:\/\/alkaleis.com\/#website","url":"https:\/\/alkaleis.com\/","name":"Alkaleis","description":"Communication Immersive","publisher":{"@id":"https:\/\/alkaleis.com\/#organization"},"potentialAction":[{"@type":"SearchAction","target":{"@type":"EntryPoint","urlTemplate":"https:\/\/alkaleis.com\/?s={search_term_string}"},"query-input":{"@type":"PropertyValueSpecification","valueRequired":true,"valueName":"search_term_string"}}],"inLanguage":"fr-FR"},{"@type":"Organization","@id":"https:\/\/alkaleis.com\/#organization","name":"Alkaleis","url":"https:\/\/alkaleis.com\/","logo":{"@type":"ImageObject","inLanguage":"fr-FR","@id":"https:\/\/alkaleis.com\/#\/schema\/logo\/image\/","url":"https:\/\/alkaleis.com\/wp-content\/uploads\/2021\/12\/alkaleis_logo_blanc_dessous.png","contentUrl":"https:\/\/alkaleis.com\/wp-content\/uploads\/2021\/12\/alkaleis_logo_blanc_dessous.png","width":1512,"height":714,"caption":"Alkaleis"},"image":{"@id":"https:\/\/alkaleis.com\/#\/schema\/logo\/image\/"}}]}},"acf":[],"jetpack_sharing_enabled":true,"_links":{"self":[{"href":"https:\/\/alkaleis.com\/fr\/wp-json\/wp\/v2\/pages\/3678","targetHints":{"allow":["GET"]}}],"collection":[{"href":"https:\/\/alkaleis.com\/fr\/wp-json\/wp\/v2\/pages"}],"about":[{"href":"https:\/\/alkaleis.com\/fr\/wp-json\/wp\/v2\/types\/page"}],"author":[{"embeddable":true,"href":"https:\/\/alkaleis.com\/fr\/wp-json\/wp\/v2\/users\/1"}],"replies":[{"embeddable":true,"href":"https:\/\/alkaleis.com\/fr\/wp-json\/wp\/v2\/comments?post=3678"}],"version-history":[{"count":0,"href":"https:\/\/alkaleis.com\/fr\/wp-json\/wp\/v2\/pages\/3678\/revisions"}],"wp:attachment":[{"href":"https:\/\/alkaleis.com\/fr\/wp-json\/wp\/v2\/media?parent=3678"}],"curies":[{"name":"wp","href":"https:\/\/api.w.org\/{rel}","templated":true}]}}