{"id":2974,"date":"2023-11-08T14:43:33","date_gmt":"2023-11-08T13:43:33","guid":{"rendered":"https:\/\/alkaleis.com\/?page_id=2974"},"modified":"2024-04-24T23:52:48","modified_gmt":"2024-04-24T21:52:48","slug":"biens-de-consommation-emballes","status":"publish","type":"page","link":"https:\/\/alkaleis.com\/fr\/secteurs-d-activite\/biens-de-consommation-emballes\/","title":{"rendered":"Biens de Consommation Emballes"},"content":{"rendered":"<div data-elementor-type=\"wp-page\" data-elementor-id=\"2974\" class=\"elementor elementor-2974\" data-elementor-post-type=\"page\">\n\t\t\t\t<div class=\"wpr-jarallax elementor-element elementor-element-3eae31f e-con-full wpr-jarallax-yes e-flex wpr-sticky-section-no wpr-equal-height-no e-con e-parent\" speed-data=\"1.4\" bg-image=\"\" bg-image-mobile=\"\" scroll-effect=\"scroll\" data-id=\"3eae31f\" data-element_type=\"container\" data-e-type=\"container\" data-settings=\"{&quot;background_background&quot;:&quot;classic&quot;}\">\n\t\t<div class=\"elementor-element elementor-element-5d09326 e-flex e-con-boxed wpr-particle-no wpr-jarallax-no wpr-parallax-no wpr-sticky-section-no wpr-equal-height-no e-con e-child\" data-id=\"5d09326\" data-element_type=\"container\" data-e-type=\"container\">\n\t\t\t\t\t<div class=\"e-con-inner\">\n\t\t\t\t<div class=\"elementor-element elementor-element-dcf6ca1 elementor-widget elementor-widget-heading\" data-id=\"dcf6ca1\" data-element_type=\"widget\" data-e-type=\"widget\" data-widget_type=\"heading.default\">\n\t\t\t\t<div class=\"elementor-widget-container\">\n\t\t\t\t\t<h2 class=\"elementor-heading-title elementor-size-default\">Biens de Consommation Emballes<\/h2>\t\t\t\t<\/div>\n\t\t\t\t<\/div>\n\t\t\t\t<div class=\"elementor-element elementor-element-dfc25cb elementor-align-center elementor-widget elementor-widget-button\" data-id=\"dfc25cb\" data-element_type=\"widget\" data-e-type=\"widget\" data-widget_type=\"button.default\">\n\t\t\t\t<div class=\"elementor-widget-container\">\n\t\t\t\t\t\t\t\t\t<div class=\"elementor-button-wrapper\">\n\t\t\t\t\t<a class=\"elementor-button elementor-button-link elementor-size-lg elementor-animation-sink\" href=\"#message\">\n\t\t\t\t\t\t<span class=\"elementor-button-content-wrapper\">\n\t\t\t\t\t\t<span class=\"elementor-button-icon\">\n\t\t\t\t<i aria-hidden=\"true\" class=\"fas fa-chevron-down\"><\/i>\t\t\t<\/span>\n\t\t\t\t\t\t\t\t<\/span>\n\t\t\t\t\t<\/a>\n\t\t\t\t<\/div>\n\t\t\t\t\t\t\t\t<\/div>\n\t\t\t\t<\/div>\n\t\t\t\t\t<\/div>\n\t\t\t\t<\/div>\n\t\t\t\t<\/div>\n\t\t<div data-wpr-particles=\"{&quot;particles&quot;:{&quot;number&quot;:{&quot;value&quot;:80,&quot;density&quot;:{&quot;enable&quot;:true,&quot;value_area&quot;:800}},&quot;color&quot;:{&quot;value&quot;:&quot;#000000&quot;},&quot;shape&quot;:{&quot;type&quot;:&quot;circle&quot;,&quot;stroke&quot;:{&quot;width&quot;:0,&quot;color&quot;:&quot;#000000&quot;},&quot;polygon&quot;:{&quot;nb_sides&quot;:5},&quot;image&quot;:{&quot;src&quot;:&quot;img\/github.svg&quot;,&quot;width&quot;:100,&quot;height&quot;:100}},&quot;opacity&quot;:{&quot;value&quot;:0.5,&quot;random&quot;:false,&quot;anim&quot;:{&quot;enable&quot;:false,&quot;speed&quot;:1,&quot;opacity_min&quot;:0.1,&quot;sync&quot;:false}},&quot;size&quot;:{&quot;value&quot;:3,&quot;random&quot;:true,&quot;anim&quot;:{&quot;enable&quot;:false,&quot;speed&quot;:40,&quot;size_min&quot;:0.1,&quot;sync&quot;:false}},&quot;line_linked&quot;:{&quot;enable&quot;:true,&quot;distance&quot;:150,&quot;color&quot;:&quot;#000000&quot;,&quot;opacity&quot;:0.4,&quot;width&quot;:1},&quot;move&quot;:{&quot;enable&quot;:true,&quot;speed&quot;:6,&quot;direction&quot;:&quot;none&quot;,&quot;random&quot;:false,&quot;straight&quot;:false,&quot;out_mode&quot;:&quot;out&quot;,&quot;bounce&quot;:false,&quot;attract&quot;:{&quot;enable&quot;:false,&quot;rotateX&quot;:600,&quot;rotateY&quot;:1200}}},&quot;interactivity&quot;:{&quot;detect_on&quot;:&quot;window&quot;,&quot;events&quot;:{&quot;onhover&quot;:{&quot;enable&quot;:true,&quot;mode&quot;:&quot;repulse&quot;},&quot;onclick&quot;:{&quot;enable&quot;:true,&quot;mode&quot;:&quot;push&quot;},&quot;resize&quot;:true},&quot;modes&quot;:{&quot;grab&quot;:{&quot;distance&quot;:400,&quot;line_linked&quot;:{&quot;opacity&quot;:1}},&quot;bubble&quot;:{&quot;distance&quot;:400,&quot;size&quot;:40,&quot;duration&quot;:2,&quot;opacity&quot;:8,&quot;speed&quot;:3},&quot;repulse&quot;:{&quot;distance&quot;:200,&quot;duration&quot;:0.4},&quot;push&quot;:{&quot;particles_nb&quot;:4},&quot;remove&quot;:{&quot;particles_nb&quot;:2}}},&quot;retina_detect&quot;:true}\" particle-source=\"wpr_particle_json\" wpr-quantity=\"80\" wpr-color=\"#FFFFFF\" wpr-speed=\"2\" wpr-shape=\"circle\" wpr-size=\"2\" class=\"wpr-jarallax elementor-element elementor-element-56c5425 wpr-jarallax-yes wpr-particle-yes e-con-full e-flex wpr-parallax-no wpr-sticky-section-no wpr-equal-height-no e-con e-parent\" speed-data=\"1.4\" bg-image=\"\" bg-image-mobile=\"\" scroll-effect=\"scroll\" data-id=\"56c5425\" data-element_type=\"container\" data-e-type=\"container\" id=\"message\" data-settings=\"{&quot;background_background&quot;:&quot;classic&quot;}\">\n\t\t\t\t<div class=\"elementor-element elementor-element-e899376 elementor-widget elementor-widget-spacer\" data-id=\"e899376\" data-element_type=\"widget\" data-e-type=\"widget\" data-widget_type=\"spacer.default\">\n\t\t\t\t<div class=\"elementor-widget-container\">\n\t\t\t\t\t\t\t<div class=\"elementor-spacer\">\n\t\t\t<div class=\"elementor-spacer-inner\"><\/div>\n\t\t<\/div>\n\t\t\t\t\t\t<\/div>\n\t\t\t\t<\/div>\n\t\t<div class=\"elementor-element elementor-element-5d354a9 e-flex e-con-boxed wpr-particle-no wpr-jarallax-no wpr-parallax-no wpr-sticky-section-no wpr-equal-height-no e-con e-child\" data-id=\"5d354a9\" data-element_type=\"container\" data-e-type=\"container\">\n\t\t\t\t\t<div class=\"e-con-inner\">\n\t\t\t\t<div class=\"elementor-element elementor-element-5dbe417 elementor-widget__width-inherit elementor-widget elementor-widget-heading\" data-id=\"5dbe417\" data-element_type=\"widget\" data-e-type=\"widget\" data-widget_type=\"heading.default\">\n\t\t\t\t<div class=\"elementor-widget-container\">\n\t\t\t\t\t<h2 class=\"elementor-heading-title elementor-size-default\">Biens de Consommation Emballes<\/h2>\t\t\t\t<\/div>\n\t\t\t\t<\/div>\n\t\t\t\t<div class=\"elementor-element elementor-element-7e48490 elementor-widget__width-inherit elementor-widget elementor-widget-text-editor\" data-id=\"7e48490\" data-element_type=\"widget\" data-e-type=\"widget\" data-widget_type=\"text-editor.default\">\n\t\t\t\t<div class=\"elementor-widget-container\">\n\t\t\t\t\t\t\t\t\t<p><span style=\"font-weight: 400;\">Le secteur des biens de consommation emball\u00e9s est constitu\u00e9 d'une riche gamme de produits qui s'int\u00e8grent parfaitement dans le tissu de l'existence quotidienne. Des produits de base pour la cuisine aux produits de base pour la salle de bain, ces marchandises incarnent un \u00e9quilibre d\u00e9licat entre l'innovation, la praticit\u00e9 et les pr\u00e9f\u00e9rences attentives des consommateurs contemporains. Au milieu de la transformation continue de l'industrie, un engagement ferme en faveur de la durabilit\u00e9 et du bien-\u00eatre des consommateurs reste central, sculptant un paysage \u00e0 venir o\u00f9 la commodit\u00e9 et la conscience se m\u00e9langent harmonieusement.<\/span><\/p>\t\t\t\t\t\t\t\t<\/div>\n\t\t\t\t<\/div>\n\t\t\t\t<div class=\"elementor-element elementor-element-233609a elementor-align-center elementor-widget elementor-widget-button\" data-id=\"233609a\" data-element_type=\"widget\" data-e-type=\"widget\" data-widget_type=\"button.default\">\n\t\t\t\t<div class=\"elementor-widget-container\">\n\t\t\t\t\t\t\t\t\t<div class=\"elementor-button-wrapper\">\n\t\t\t\t\t<a class=\"elementor-button elementor-button-link elementor-size-lg elementor-animation-shrink\" href=\"https:\/\/alkaleis.com\/fr\/contact\/\">\n\t\t\t\t\t\t<span class=\"elementor-button-content-wrapper\">\n\t\t\t\t\t\t<span class=\"elementor-button-icon\">\n\t\t\t\t<i aria-hidden=\"true\" class=\"fas fa-chevron-right\"><\/i>\t\t\t<\/span>\n\t\t\t\t\t\t\t\t\t<span class=\"elementor-button-text\">Contact<\/span>\n\t\t\t\t\t<\/span>\n\t\t\t\t\t<\/a>\n\t\t\t\t<\/div>\n\t\t\t\t\t\t\t\t<\/div>\n\t\t\t\t<\/div>\n\t\t\t\t\t<\/div>\n\t\t\t\t<\/div>\n\t\t\t\t<div class=\"elementor-element elementor-element-af3f105 elementor-widget elementor-widget-spacer\" data-id=\"af3f105\" data-element_type=\"widget\" data-e-type=\"widget\" data-widget_type=\"spacer.default\">\n\t\t\t\t<div class=\"elementor-widget-container\">\n\t\t\t\t\t\t\t<div class=\"elementor-spacer\">\n\t\t\t<div class=\"elementor-spacer-inner\"><\/div>\n\t\t<\/div>\n\t\t\t\t\t\t<\/div>\n\t\t\t\t<\/div>\n\t\t\t\t<\/div>\n\t\t\t\t<\/div>","protected":false},"excerpt":{"rendered":"<p>Biens de consommation emball\u00e9s Biens de consommation emball\u00e9s Le secteur des biens de consommation emball\u00e9s est constitu\u00e9 d'une riche gamme de produits int\u00e9gr\u00e9s de mani\u00e8re complexe dans le tissu de l'existence quotidienne. Qu'il s'agisse de produits essentiels pour la cuisine ou pour la salle de bain, ces produits incarnent un \u00e9quilibre d\u00e9licat entre l'innovation, la praticit\u00e9 et les pr\u00e9f\u00e9rences attentives des consommateurs d'aujourd'hui. Au milieu de la transformation continue de l'industrie, un engagement in\u00e9branlable envers la durabilit\u00e9 et le bien-\u00eatre des consommateurs reste central, sculptant un paysage \u00e0 venir o\u00f9 la commodit\u00e9 et la conscience se m\u00e9langent de mani\u00e8re transparente. Contactez nous<\/p>","protected":false},"author":1,"featured_media":0,"parent":3666,"menu_order":0,"comment_status":"closed","ping_status":"closed","template":"elementor_canvas","meta":{"footnotes":""},"class_list":["post-2974","page","type-page","status-publish","hentry"],"yoast_head":"<!-- This site is optimized with the Yoast SEO plugin v27.5 - https:\/\/yoast.com\/product\/yoast-seo-wordpress\/ -->\n<title>Consumer Packaged Goods | Alkaleis<\/title>\n<meta name=\"robots\" content=\"index, follow, max-snippet:-1, max-image-preview:large, max-video-preview:-1\" \/>\n<link rel=\"canonical\" href=\"https:\/\/alkaleis.com\/fr\/secteurs-d-activite\/biens-de-consommation-emballes\/\" \/>\n<meta property=\"og:locale\" content=\"fr_FR\" \/>\n<meta property=\"og:type\" content=\"article\" \/>\n<meta property=\"og:title\" content=\"Consumer Packaged Goods | Alkaleis\" \/>\n<meta property=\"og:description\" content=\"Consumer Packaged Goods Consumer Packaged Goods The Consumer Packaged Goods sector forms a rich array of products intricately integrated into the fabric of everyday existence. Spanning from kitchen essentials to bathroom necessities, these commodities embody a delicate equilibrium between innovation, practicality, and the mindful preferences of contemporary consumers. Amid the industry&#8217;s ongoing transformation, a steadfast commitment to sustainability and consumer welfare remains central, sculpting a forthcoming landscape where convenience and consciousness seamlessly blend. Contact Us\" \/>\n<meta property=\"og:url\" content=\"https:\/\/alkaleis.com\/fr\/secteurs-d-activite\/biens-de-consommation-emballes\/\" \/>\n<meta property=\"og:site_name\" content=\"Alkaleis\" \/>\n<meta property=\"article:modified_time\" content=\"2024-04-24T21:52:48+00:00\" \/>\n<meta name=\"twitter:card\" content=\"summary_large_image\" \/>\n<script type=\"application\/ld+json\" class=\"yoast-schema-graph\">{\"@context\":\"https:\\\/\\\/schema.org\",\"@graph\":[{\"@type\":\"WebPage\",\"@id\":\"https:\\\/\\\/alkaleis.com\\\/industries\\\/consumer-packaged-goods\\\/\",\"url\":\"https:\\\/\\\/alkaleis.com\\\/industries\\\/consumer-packaged-goods\\\/\",\"name\":\"Consumer Packaged Goods | Alkaleis\",\"isPartOf\":{\"@id\":\"https:\\\/\\\/alkaleis.com\\\/#website\"},\"datePublished\":\"2023-11-08T13:43:33+00:00\",\"dateModified\":\"2024-04-24T21:52:48+00:00\",\"breadcrumb\":{\"@id\":\"https:\\\/\\\/alkaleis.com\\\/industries\\\/consumer-packaged-goods\\\/#breadcrumb\"},\"inLanguage\":\"fr-FR\",\"potentialAction\":[{\"@type\":\"ReadAction\",\"target\":[\"https:\\\/\\\/alkaleis.com\\\/industries\\\/consumer-packaged-goods\\\/\"]}]},{\"@type\":\"BreadcrumbList\",\"@id\":\"https:\\\/\\\/alkaleis.com\\\/industries\\\/consumer-packaged-goods\\\/#breadcrumb\",\"itemListElement\":[{\"@type\":\"ListItem\",\"position\":1,\"name\":\"Accueil\",\"item\":\"https:\\\/\\\/alkaleis.com\\\/\"},{\"@type\":\"ListItem\",\"position\":2,\"name\":\"Industries\",\"item\":\"https:\\\/\\\/alkaleis.com\\\/industries\\\/\"},{\"@type\":\"ListItem\",\"position\":3,\"name\":\"Consumer Packaged Goods\"}]},{\"@type\":\"WebSite\",\"@id\":\"https:\\\/\\\/alkaleis.com\\\/#website\",\"url\":\"https:\\\/\\\/alkaleis.com\\\/\",\"name\":\"Alkaleis\",\"description\":\"Immersive Communication\",\"publisher\":{\"@id\":\"https:\\\/\\\/alkaleis.com\\\/#organization\"},\"potentialAction\":[{\"@type\":\"SearchAction\",\"target\":{\"@type\":\"EntryPoint\",\"urlTemplate\":\"https:\\\/\\\/alkaleis.com\\\/?s={search_term_string}\"},\"query-input\":{\"@type\":\"PropertyValueSpecification\",\"valueRequired\":true,\"valueName\":\"search_term_string\"}}],\"inLanguage\":\"fr-FR\"},{\"@type\":\"Organization\",\"@id\":\"https:\\\/\\\/alkaleis.com\\\/#organization\",\"name\":\"Alkaleis\",\"url\":\"https:\\\/\\\/alkaleis.com\\\/\",\"logo\":{\"@type\":\"ImageObject\",\"inLanguage\":\"fr-FR\",\"@id\":\"https:\\\/\\\/alkaleis.com\\\/#\\\/schema\\\/logo\\\/image\\\/\",\"url\":\"https:\\\/\\\/alkaleis.com\\\/wp-content\\\/uploads\\\/2021\\\/12\\\/alkaleis_logo_blanc_dessous.png\",\"contentUrl\":\"https:\\\/\\\/alkaleis.com\\\/wp-content\\\/uploads\\\/2021\\\/12\\\/alkaleis_logo_blanc_dessous.png\",\"width\":1512,\"height\":714,\"caption\":\"Alkaleis\"},\"image\":{\"@id\":\"https:\\\/\\\/alkaleis.com\\\/#\\\/schema\\\/logo\\\/image\\\/\"}}]}<\/script>\n<!-- \/ Yoast SEO plugin. -->","yoast_head_json":{"title":"Biens de consommation emball\u00e9s | Alkaleis","robots":{"index":"index","follow":"follow","max-snippet":"max-snippet:-1","max-image-preview":"max-image-preview:large","max-video-preview":"max-video-preview:-1"},"canonical":"https:\/\/alkaleis.com\/fr\/secteurs-d-activite\/biens-de-consommation-emballes\/","og_locale":"fr_FR","og_type":"article","og_title":"Consumer Packaged Goods | Alkaleis","og_description":"Consumer Packaged Goods Consumer Packaged Goods The Consumer Packaged Goods sector forms a rich array of products intricately integrated into the fabric of everyday existence. Spanning from kitchen essentials to bathroom necessities, these commodities embody a delicate equilibrium between innovation, practicality, and the mindful preferences of contemporary consumers. Amid the industry&#8217;s ongoing transformation, a steadfast commitment to sustainability and consumer welfare remains central, sculpting a forthcoming landscape where convenience and consciousness seamlessly blend. Contact Us","og_url":"https:\/\/alkaleis.com\/fr\/secteurs-d-activite\/biens-de-consommation-emballes\/","og_site_name":"Alkaleis","article_modified_time":"2024-04-24T21:52:48+00:00","twitter_card":"summary_large_image","schema":{"@context":"https:\/\/schema.org","@graph":[{"@type":"WebPage","@id":"https:\/\/alkaleis.com\/industries\/consumer-packaged-goods\/","url":"https:\/\/alkaleis.com\/industries\/consumer-packaged-goods\/","name":"Biens de consommation emball\u00e9s | Alkaleis","isPartOf":{"@id":"https:\/\/alkaleis.com\/#website"},"datePublished":"2023-11-08T13:43:33+00:00","dateModified":"2024-04-24T21:52:48+00:00","breadcrumb":{"@id":"https:\/\/alkaleis.com\/industries\/consumer-packaged-goods\/#breadcrumb"},"inLanguage":"fr-FR","potentialAction":[{"@type":"ReadAction","target":["https:\/\/alkaleis.com\/industries\/consumer-packaged-goods\/"]}]},{"@type":"BreadcrumbList","@id":"https:\/\/alkaleis.com\/industries\/consumer-packaged-goods\/#breadcrumb","itemListElement":[{"@type":"ListItem","position":1,"name":"Accueil","item":"https:\/\/alkaleis.com\/"},{"@type":"ListItem","position":2,"name":"Industries","item":"https:\/\/alkaleis.com\/industries\/"},{"@type":"ListItem","position":3,"name":"Consumer Packaged Goods"}]},{"@type":"WebSite","@id":"https:\/\/alkaleis.com\/#website","url":"https:\/\/alkaleis.com\/","name":"Alkaleis","description":"Communication Immersive","publisher":{"@id":"https:\/\/alkaleis.com\/#organization"},"potentialAction":[{"@type":"SearchAction","target":{"@type":"EntryPoint","urlTemplate":"https:\/\/alkaleis.com\/?s={search_term_string}"},"query-input":{"@type":"PropertyValueSpecification","valueRequired":true,"valueName":"search_term_string"}}],"inLanguage":"fr-FR"},{"@type":"Organization","@id":"https:\/\/alkaleis.com\/#organization","name":"Alkaleis","url":"https:\/\/alkaleis.com\/","logo":{"@type":"ImageObject","inLanguage":"fr-FR","@id":"https:\/\/alkaleis.com\/#\/schema\/logo\/image\/","url":"https:\/\/alkaleis.com\/wp-content\/uploads\/2021\/12\/alkaleis_logo_blanc_dessous.png","contentUrl":"https:\/\/alkaleis.com\/wp-content\/uploads\/2021\/12\/alkaleis_logo_blanc_dessous.png","width":1512,"height":714,"caption":"Alkaleis"},"image":{"@id":"https:\/\/alkaleis.com\/#\/schema\/logo\/image\/"}}]}},"acf":[],"jetpack_sharing_enabled":true,"_links":{"self":[{"href":"https:\/\/alkaleis.com\/fr\/wp-json\/wp\/v2\/pages\/2974","targetHints":{"allow":["GET"]}}],"collection":[{"href":"https:\/\/alkaleis.com\/fr\/wp-json\/wp\/v2\/pages"}],"about":[{"href":"https:\/\/alkaleis.com\/fr\/wp-json\/wp\/v2\/types\/page"}],"author":[{"embeddable":true,"href":"https:\/\/alkaleis.com\/fr\/wp-json\/wp\/v2\/users\/1"}],"replies":[{"embeddable":true,"href":"https:\/\/alkaleis.com\/fr\/wp-json\/wp\/v2\/comments?post=2974"}],"version-history":[{"count":0,"href":"https:\/\/alkaleis.com\/fr\/wp-json\/wp\/v2\/pages\/2974\/revisions"}],"up":[{"embeddable":true,"href":"https:\/\/alkaleis.com\/fr\/wp-json\/wp\/v2\/pages\/3666"}],"wp:attachment":[{"href":"https:\/\/alkaleis.com\/fr\/wp-json\/wp\/v2\/media?parent=2974"}],"curies":[{"name":"wp","href":"https:\/\/api.w.org\/{rel}","templated":true}]}}