{"id":2972,"date":"2023-11-07T19:33:29","date_gmt":"2023-11-07T18:33:29","guid":{"rendered":"https:\/\/alkaleis.com\/?page_id=2972"},"modified":"2024-04-21T01:10:53","modified_gmt":"2024-04-20T23:10:53","slug":"equipements-high-tech","status":"publish","type":"page","link":"https:\/\/alkaleis.com\/fr\/secteurs-d-activite\/equipements-high-tech\/","title":{"rendered":"Equipements High-Tech"},"content":{"rendered":"<div data-elementor-type=\"wp-page\" data-elementor-id=\"2972\" class=\"elementor elementor-2972\" data-elementor-post-type=\"page\">\n\t\t\t\t<div class=\"wpr-jarallax elementor-element elementor-element-3eae31f e-con-full wpr-jarallax-yes e-flex wpr-sticky-section-no wpr-equal-height-no e-con e-parent\" speed-data=\"1.4\" bg-image=\"\" bg-image-mobile=\"\" scroll-effect=\"scroll\" data-id=\"3eae31f\" data-element_type=\"container\" data-e-type=\"container\" data-settings=\"{&quot;background_background&quot;:&quot;classic&quot;}\">\n\t\t<div class=\"elementor-element elementor-element-34db5c6 e-flex e-con-boxed wpr-particle-no wpr-jarallax-no wpr-parallax-no wpr-sticky-section-no wpr-equal-height-no e-con e-child\" data-id=\"34db5c6\" data-element_type=\"container\" data-e-type=\"container\">\n\t\t\t\t\t<div class=\"e-con-inner\">\n\t\t\t\t<div class=\"elementor-element elementor-element-08b299c elementor-widget elementor-widget-heading\" data-id=\"08b299c\" data-element_type=\"widget\" data-e-type=\"widget\" data-widget_type=\"heading.default\">\n\t\t\t\t<div class=\"elementor-widget-container\">\n\t\t\t\t\t<h2 class=\"elementor-heading-title elementor-size-default\">Equipements High-Tech<\/h2>\t\t\t\t<\/div>\n\t\t\t\t<\/div>\n\t\t\t\t<div class=\"elementor-element elementor-element-524b38d elementor-align-center elementor-widget elementor-widget-button\" data-id=\"524b38d\" data-element_type=\"widget\" data-e-type=\"widget\" data-widget_type=\"button.default\">\n\t\t\t\t<div class=\"elementor-widget-container\">\n\t\t\t\t\t\t\t\t\t<div class=\"elementor-button-wrapper\">\n\t\t\t\t\t<a class=\"elementor-button elementor-button-link elementor-size-lg elementor-animation-sink\" href=\"#message\">\n\t\t\t\t\t\t<span class=\"elementor-button-content-wrapper\">\n\t\t\t\t\t\t<span class=\"elementor-button-icon\">\n\t\t\t\t<i aria-hidden=\"true\" class=\"fas fa-chevron-down\"><\/i>\t\t\t<\/span>\n\t\t\t\t\t\t\t\t<\/span>\n\t\t\t\t\t<\/a>\n\t\t\t\t<\/div>\n\t\t\t\t\t\t\t\t<\/div>\n\t\t\t\t<\/div>\n\t\t\t\t\t<\/div>\n\t\t\t\t<\/div>\n\t\t\t\t<\/div>\n\t\t<div data-wpr-particles=\"{&quot;particles&quot;:{&quot;number&quot;:{&quot;value&quot;:80,&quot;density&quot;:{&quot;enable&quot;:true,&quot;value_area&quot;:800}},&quot;color&quot;:{&quot;value&quot;:&quot;#000000&quot;},&quot;shape&quot;:{&quot;type&quot;:&quot;circle&quot;,&quot;stroke&quot;:{&quot;width&quot;:0,&quot;color&quot;:&quot;#000000&quot;},&quot;polygon&quot;:{&quot;nb_sides&quot;:5},&quot;image&quot;:{&quot;src&quot;:&quot;img\/github.svg&quot;,&quot;width&quot;:100,&quot;height&quot;:100}},&quot;opacity&quot;:{&quot;value&quot;:0.5,&quot;random&quot;:false,&quot;anim&quot;:{&quot;enable&quot;:false,&quot;speed&quot;:1,&quot;opacity_min&quot;:0.1,&quot;sync&quot;:false}},&quot;size&quot;:{&quot;value&quot;:3,&quot;random&quot;:true,&quot;anim&quot;:{&quot;enable&quot;:false,&quot;speed&quot;:40,&quot;size_min&quot;:0.1,&quot;sync&quot;:false}},&quot;line_linked&quot;:{&quot;enable&quot;:true,&quot;distance&quot;:150,&quot;color&quot;:&quot;#000000&quot;,&quot;opacity&quot;:0.4,&quot;width&quot;:1},&quot;move&quot;:{&quot;enable&quot;:true,&quot;speed&quot;:6,&quot;direction&quot;:&quot;none&quot;,&quot;random&quot;:false,&quot;straight&quot;:false,&quot;out_mode&quot;:&quot;out&quot;,&quot;bounce&quot;:false,&quot;attract&quot;:{&quot;enable&quot;:false,&quot;rotateX&quot;:600,&quot;rotateY&quot;:1200}}},&quot;interactivity&quot;:{&quot;detect_on&quot;:&quot;window&quot;,&quot;events&quot;:{&quot;onhover&quot;:{&quot;enable&quot;:true,&quot;mode&quot;:&quot;repulse&quot;},&quot;onclick&quot;:{&quot;enable&quot;:true,&quot;mode&quot;:&quot;push&quot;},&quot;resize&quot;:true},&quot;modes&quot;:{&quot;grab&quot;:{&quot;distance&quot;:400,&quot;line_linked&quot;:{&quot;opacity&quot;:1}},&quot;bubble&quot;:{&quot;distance&quot;:400,&quot;size&quot;:40,&quot;duration&quot;:2,&quot;opacity&quot;:8,&quot;speed&quot;:3},&quot;repulse&quot;:{&quot;distance&quot;:200,&quot;duration&quot;:0.4},&quot;push&quot;:{&quot;particles_nb&quot;:4},&quot;remove&quot;:{&quot;particles_nb&quot;:2}}},&quot;retina_detect&quot;:true}\" particle-source=\"wpr_particle_json\" wpr-quantity=\"80\" wpr-color=\"#FFFFFF\" wpr-speed=\"2\" wpr-shape=\"circle\" wpr-size=\"2\" class=\"wpr-jarallax elementor-element elementor-element-56c5425 wpr-jarallax-yes wpr-particle-yes e-con-full e-flex wpr-parallax-no wpr-sticky-section-no wpr-equal-height-no e-con e-parent\" speed-data=\"1.4\" bg-image=\"\" bg-image-mobile=\"\" scroll-effect=\"scroll\" data-id=\"56c5425\" data-element_type=\"container\" data-e-type=\"container\" id=\"message\" data-settings=\"{&quot;background_background&quot;:&quot;classic&quot;}\">\n\t\t\t\t<div class=\"elementor-element elementor-element-637f032 elementor-widget elementor-widget-spacer\" data-id=\"637f032\" data-element_type=\"widget\" data-e-type=\"widget\" data-widget_type=\"spacer.default\">\n\t\t\t\t<div class=\"elementor-widget-container\">\n\t\t\t\t\t\t\t<div class=\"elementor-spacer\">\n\t\t\t<div class=\"elementor-spacer-inner\"><\/div>\n\t\t<\/div>\n\t\t\t\t\t\t<\/div>\n\t\t\t\t<\/div>\n\t\t<div class=\"elementor-element elementor-element-64b0f1c e-flex e-con-boxed wpr-particle-no wpr-jarallax-no wpr-parallax-no wpr-sticky-section-no wpr-equal-height-no e-con e-child\" data-id=\"64b0f1c\" data-element_type=\"container\" data-e-type=\"container\">\n\t\t\t\t\t<div class=\"e-con-inner\">\n\t\t\t\t<div class=\"elementor-element elementor-element-5dbe417 elementor-widget__width-inherit elementor-widget elementor-widget-heading\" data-id=\"5dbe417\" data-element_type=\"widget\" data-e-type=\"widget\" data-widget_type=\"heading.default\">\n\t\t\t\t<div class=\"elementor-widget-container\">\n\t\t\t\t\t<h2 class=\"elementor-heading-title elementor-size-default\">Equipements High-Tech<\/h2>\t\t\t\t<\/div>\n\t\t\t\t<\/div>\n\t\t\t\t<div class=\"elementor-element elementor-element-7e48490 elementor-widget__width-inherit elementor-widget elementor-widget-text-editor\" data-id=\"7e48490\" data-element_type=\"widget\" data-e-type=\"widget\" data-widget_type=\"text-editor.default\">\n\t\t\t\t<div class=\"elementor-widget-container\">\n\t\t\t\t\t\t\t\t\t<p>L'industrie des dispositifs de haute technologie est un \u00e9cosyst\u00e8me dynamique o\u00f9 l'innovation converge avec la vie quotidienne. Les appareils \u00e9lectroniques, les wearables et les technologies IoT red\u00e9finissent notre mode de vie, en comblant le foss\u00e9 entre les domaines num\u00e9rique et physique. Alors que cette industrie nous propulse vers l'avenir, la qu\u00eate d'une fonctionnalit\u00e9, d'une connectivit\u00e9 et d'une durabilit\u00e9 accrues reste au c\u0153ur de ses pr\u00e9occupations.<\/p>\t\t\t\t\t\t\t\t<\/div>\n\t\t\t\t<\/div>\n\t\t\t\t<div class=\"elementor-element elementor-element-6f135f6 elementor-align-center elementor-widget elementor-widget-button\" data-id=\"6f135f6\" data-element_type=\"widget\" data-e-type=\"widget\" data-widget_type=\"button.default\">\n\t\t\t\t<div class=\"elementor-widget-container\">\n\t\t\t\t\t\t\t\t\t<div class=\"elementor-button-wrapper\">\n\t\t\t\t\t<a class=\"elementor-button elementor-button-link elementor-size-lg elementor-animation-shrink\" href=\"https:\/\/alkaleis.com\/fr\/contact\/\">\n\t\t\t\t\t\t<span class=\"elementor-button-content-wrapper\">\n\t\t\t\t\t\t<span class=\"elementor-button-icon\">\n\t\t\t\t<i aria-hidden=\"true\" class=\"fas fa-chevron-right\"><\/i>\t\t\t<\/span>\n\t\t\t\t\t\t\t\t\t<span class=\"elementor-button-text\">Contact<\/span>\n\t\t\t\t\t<\/span>\n\t\t\t\t\t<\/a>\n\t\t\t\t<\/div>\n\t\t\t\t\t\t\t\t<\/div>\n\t\t\t\t<\/div>\n\t\t\t\t\t<\/div>\n\t\t\t\t<\/div>\n\t\t\t\t<div class=\"elementor-element elementor-element-61d17bf elementor-widget elementor-widget-spacer\" data-id=\"61d17bf\" data-element_type=\"widget\" data-e-type=\"widget\" data-widget_type=\"spacer.default\">\n\t\t\t\t<div class=\"elementor-widget-container\">\n\t\t\t\t\t\t\t<div class=\"elementor-spacer\">\n\t\t\t<div class=\"elementor-spacer-inner\"><\/div>\n\t\t<\/div>\n\t\t\t\t\t\t<\/div>\n\t\t\t\t<\/div>\n\t\t\t\t<\/div>\n\t\t\t\t<\/div>","protected":false},"excerpt":{"rendered":"<p>Appareils de haute technologie Appareils de haute technologie L'industrie des appareils de haute technologie est un \u00e9cosyst\u00e8me dynamique o\u00f9 l'innovation converge avec la vie quotidienne. Les appareils \u00e9lectroniques, les wearables et les technologies IoT red\u00e9finissent notre mode de vie, en comblant le foss\u00e9 entre les domaines num\u00e9rique et physique. Alors que cette industrie nous propulse vers l'avenir, la qu\u00eate d'une fonctionnalit\u00e9, d'une connectivit\u00e9 et d'une durabilit\u00e9 accrues reste au c\u0153ur de ses pr\u00e9occupations. Contactez nous<\/p>","protected":false},"author":1,"featured_media":0,"parent":3666,"menu_order":0,"comment_status":"closed","ping_status":"closed","template":"elementor_canvas","meta":{"footnotes":""},"class_list":["post-2972","page","type-page","status-publish","hentry"],"yoast_head":"<!-- This site is optimized with the Yoast SEO plugin v27.5 - https:\/\/yoast.com\/product\/yoast-seo-wordpress\/ -->\n<title>High-Tech Devices | Alkaleis<\/title>\n<meta name=\"robots\" content=\"index, follow, max-snippet:-1, max-image-preview:large, max-video-preview:-1\" \/>\n<link rel=\"canonical\" href=\"https:\/\/alkaleis.com\/fr\/secteurs-d-activite\/equipements-high-tech\/\" \/>\n<meta property=\"og:locale\" content=\"fr_FR\" \/>\n<meta property=\"og:type\" content=\"article\" \/>\n<meta property=\"og:title\" content=\"High-Tech Devices | Alkaleis\" \/>\n<meta property=\"og:description\" content=\"High-Tech Devices High-Tech Devices The High-Tech Devices industry is a dynamic ecosystem where innovation converges with daily life. Electronic devices, wearables, and IoT technologies redefine the way we live, bridging the gap between the digital and physical realms. As this industry propels us into the future, the quest for enhanced functionality, connectivity, and sustainability remains at its core. Contact Us\" \/>\n<meta property=\"og:url\" content=\"https:\/\/alkaleis.com\/fr\/secteurs-d-activite\/equipements-high-tech\/\" \/>\n<meta property=\"og:site_name\" content=\"Alkaleis\" \/>\n<meta property=\"article:modified_time\" content=\"2024-04-20T23:10:53+00:00\" \/>\n<meta name=\"twitter:card\" content=\"summary_large_image\" \/>\n<script type=\"application\/ld+json\" class=\"yoast-schema-graph\">{\"@context\":\"https:\\\/\\\/schema.org\",\"@graph\":[{\"@type\":\"WebPage\",\"@id\":\"https:\\\/\\\/alkaleis.com\\\/industries\\\/high-tech-devices\\\/\",\"url\":\"https:\\\/\\\/alkaleis.com\\\/industries\\\/high-tech-devices\\\/\",\"name\":\"High-Tech Devices | Alkaleis\",\"isPartOf\":{\"@id\":\"https:\\\/\\\/alkaleis.com\\\/#website\"},\"datePublished\":\"2023-11-07T18:33:29+00:00\",\"dateModified\":\"2024-04-20T23:10:53+00:00\",\"breadcrumb\":{\"@id\":\"https:\\\/\\\/alkaleis.com\\\/industries\\\/high-tech-devices\\\/#breadcrumb\"},\"inLanguage\":\"fr-FR\",\"potentialAction\":[{\"@type\":\"ReadAction\",\"target\":[\"https:\\\/\\\/alkaleis.com\\\/industries\\\/high-tech-devices\\\/\"]}]},{\"@type\":\"BreadcrumbList\",\"@id\":\"https:\\\/\\\/alkaleis.com\\\/industries\\\/high-tech-devices\\\/#breadcrumb\",\"itemListElement\":[{\"@type\":\"ListItem\",\"position\":1,\"name\":\"Accueil\",\"item\":\"https:\\\/\\\/alkaleis.com\\\/\"},{\"@type\":\"ListItem\",\"position\":2,\"name\":\"Industries\",\"item\":\"https:\\\/\\\/alkaleis.com\\\/industries\\\/\"},{\"@type\":\"ListItem\",\"position\":3,\"name\":\"High-Tech Devices\"}]},{\"@type\":\"WebSite\",\"@id\":\"https:\\\/\\\/alkaleis.com\\\/#website\",\"url\":\"https:\\\/\\\/alkaleis.com\\\/\",\"name\":\"Alkaleis\",\"description\":\"Immersive Communication\",\"publisher\":{\"@id\":\"https:\\\/\\\/alkaleis.com\\\/#organization\"},\"potentialAction\":[{\"@type\":\"SearchAction\",\"target\":{\"@type\":\"EntryPoint\",\"urlTemplate\":\"https:\\\/\\\/alkaleis.com\\\/?s={search_term_string}\"},\"query-input\":{\"@type\":\"PropertyValueSpecification\",\"valueRequired\":true,\"valueName\":\"search_term_string\"}}],\"inLanguage\":\"fr-FR\"},{\"@type\":\"Organization\",\"@id\":\"https:\\\/\\\/alkaleis.com\\\/#organization\",\"name\":\"Alkaleis\",\"url\":\"https:\\\/\\\/alkaleis.com\\\/\",\"logo\":{\"@type\":\"ImageObject\",\"inLanguage\":\"fr-FR\",\"@id\":\"https:\\\/\\\/alkaleis.com\\\/#\\\/schema\\\/logo\\\/image\\\/\",\"url\":\"https:\\\/\\\/alkaleis.com\\\/wp-content\\\/uploads\\\/2021\\\/12\\\/alkaleis_logo_blanc_dessous.png\",\"contentUrl\":\"https:\\\/\\\/alkaleis.com\\\/wp-content\\\/uploads\\\/2021\\\/12\\\/alkaleis_logo_blanc_dessous.png\",\"width\":1512,\"height\":714,\"caption\":\"Alkaleis\"},\"image\":{\"@id\":\"https:\\\/\\\/alkaleis.com\\\/#\\\/schema\\\/logo\\\/image\\\/\"}}]}<\/script>\n<!-- \/ Yoast SEO plugin. -->","yoast_head_json":{"title":"\u00c9quipements High-Tech | Alkaleis","robots":{"index":"index","follow":"follow","max-snippet":"max-snippet:-1","max-image-preview":"max-image-preview:large","max-video-preview":"max-video-preview:-1"},"canonical":"https:\/\/alkaleis.com\/fr\/secteurs-d-activite\/equipements-high-tech\/","og_locale":"fr_FR","og_type":"article","og_title":"High-Tech Devices | Alkaleis","og_description":"High-Tech Devices High-Tech Devices The High-Tech Devices industry is a dynamic ecosystem where innovation converges with daily life. Electronic devices, wearables, and IoT technologies redefine the way we live, bridging the gap between the digital and physical realms. As this industry propels us into the future, the quest for enhanced functionality, connectivity, and sustainability remains at its core. Contact Us","og_url":"https:\/\/alkaleis.com\/fr\/secteurs-d-activite\/equipements-high-tech\/","og_site_name":"Alkaleis","article_modified_time":"2024-04-20T23:10:53+00:00","twitter_card":"summary_large_image","schema":{"@context":"https:\/\/schema.org","@graph":[{"@type":"WebPage","@id":"https:\/\/alkaleis.com\/industries\/high-tech-devices\/","url":"https:\/\/alkaleis.com\/industries\/high-tech-devices\/","name":"\u00c9quipements High-Tech | Alkaleis","isPartOf":{"@id":"https:\/\/alkaleis.com\/#website"},"datePublished":"2023-11-07T18:33:29+00:00","dateModified":"2024-04-20T23:10:53+00:00","breadcrumb":{"@id":"https:\/\/alkaleis.com\/industries\/high-tech-devices\/#breadcrumb"},"inLanguage":"fr-FR","potentialAction":[{"@type":"ReadAction","target":["https:\/\/alkaleis.com\/industries\/high-tech-devices\/"]}]},{"@type":"BreadcrumbList","@id":"https:\/\/alkaleis.com\/industries\/high-tech-devices\/#breadcrumb","itemListElement":[{"@type":"ListItem","position":1,"name":"Accueil","item":"https:\/\/alkaleis.com\/"},{"@type":"ListItem","position":2,"name":"Industries","item":"https:\/\/alkaleis.com\/industries\/"},{"@type":"ListItem","position":3,"name":"High-Tech Devices"}]},{"@type":"WebSite","@id":"https:\/\/alkaleis.com\/#website","url":"https:\/\/alkaleis.com\/","name":"Alkaleis","description":"Communication Immersive","publisher":{"@id":"https:\/\/alkaleis.com\/#organization"},"potentialAction":[{"@type":"SearchAction","target":{"@type":"EntryPoint","urlTemplate":"https:\/\/alkaleis.com\/?s={search_term_string}"},"query-input":{"@type":"PropertyValueSpecification","valueRequired":true,"valueName":"search_term_string"}}],"inLanguage":"fr-FR"},{"@type":"Organization","@id":"https:\/\/alkaleis.com\/#organization","name":"Alkaleis","url":"https:\/\/alkaleis.com\/","logo":{"@type":"ImageObject","inLanguage":"fr-FR","@id":"https:\/\/alkaleis.com\/#\/schema\/logo\/image\/","url":"https:\/\/alkaleis.com\/wp-content\/uploads\/2021\/12\/alkaleis_logo_blanc_dessous.png","contentUrl":"https:\/\/alkaleis.com\/wp-content\/uploads\/2021\/12\/alkaleis_logo_blanc_dessous.png","width":1512,"height":714,"caption":"Alkaleis"},"image":{"@id":"https:\/\/alkaleis.com\/#\/schema\/logo\/image\/"}}]}},"acf":[],"jetpack_sharing_enabled":true,"_links":{"self":[{"href":"https:\/\/alkaleis.com\/fr\/wp-json\/wp\/v2\/pages\/2972","targetHints":{"allow":["GET"]}}],"collection":[{"href":"https:\/\/alkaleis.com\/fr\/wp-json\/wp\/v2\/pages"}],"about":[{"href":"https:\/\/alkaleis.com\/fr\/wp-json\/wp\/v2\/types\/page"}],"author":[{"embeddable":true,"href":"https:\/\/alkaleis.com\/fr\/wp-json\/wp\/v2\/users\/1"}],"replies":[{"embeddable":true,"href":"https:\/\/alkaleis.com\/fr\/wp-json\/wp\/v2\/comments?post=2972"}],"version-history":[{"count":0,"href":"https:\/\/alkaleis.com\/fr\/wp-json\/wp\/v2\/pages\/2972\/revisions"}],"up":[{"embeddable":true,"href":"https:\/\/alkaleis.com\/fr\/wp-json\/wp\/v2\/pages\/3666"}],"wp:attachment":[{"href":"https:\/\/alkaleis.com\/fr\/wp-json\/wp\/v2\/media?parent=2972"}],"curies":[{"name":"wp","href":"https:\/\/api.w.org\/{rel}","templated":true}]}}